{"id":135,"date":"2022-08-11T10:20:35","date_gmt":"2022-08-11T16:20:35","guid":{"rendered":"https:\/\/www.virtualspacecr.com\/?page_id=135"},"modified":"2022-12-09T15:29:34","modified_gmt":"2022-12-09T21:29:34","slug":"contactenos","status":"publish","type":"page","link":"https:\/\/www.virtualspacecr.com\/en\/contactenos\/","title":{"rendered":"Contact Us"},"content":{"rendered":"<p>[et_pb_section fb_built=\u00bb1&#8243; fullwidth=\u00bbon\u00bb admin_label=\u00bbPage Header\u00bb _builder_version=\u00bb4.16&#8243; background_image=\u00bbhttps:\/\/www.virtualspacecr.com\/wp-content\/uploads\/2021\/12\/business-07.jpg\u00bb parallax=\u00bbon\u00bb global_colors_info=\u00bb{}\u00bb][et_pb_fullwidth_header title=\u00bb\u00a1Conversemos!\u00bb text_orientation=\u00bbcenter\u00bb admin_label=\u00bbHero Section\u00bb _builder_version=\u00bb4.16&#8243; title_font=\u00bbMontserrat|on|||\u00bb title_font_size=\u00bb60px\u00bb title_line_height=\u00bb1.4em\u00bb content_font_size=\u00bb22px\u00bb content_line_height=\u00bb1.8em\u00bb subhead_font=\u00bb||||\u00bb background_color=\u00bbrgba(255, 255, 255, 0)\u00bb use_background_color_gradient=\u00bbon\u00bb background_color_gradient_stops=\u00bbrgba(4,5,20,0.93) 0%|rgba(15,15,15,0.59) 100%\u00bb background_color_gradient_start=\u00bbrgba(4,5,20,0.93)\u00bb background_color_gradient_end=\u00bbrgba(15,15,15,0.59)\u00bb custom_button_one=\u00bbon\u00bb button_one_text_size=\u00bb16px\u00bb button_one_bg_color=\u00bb#6eba01&#8243; button_one_border_width=\u00bb2px\u00bb button_one_border_color=\u00bb#6eba01&#8243; button_one_border_radius=\u00bb0&#8243; button_one_letter_spacing=\u00bb2&#8243; button_one_font=\u00bbMontserrat|||on|\u00bb button_one_use_icon=\u00bboff\u00bb custom_button_two=\u00bbon\u00bb button_two_text_size=\u00bb16px\u00bb button_two_border_width=\u00bb2px\u00bb button_two_border_color=\u00bb#ffffff\u00bb button_two_border_radius=\u00bb0&#8243; button_two_letter_spacing=\u00bb2&#8243; button_two_font=\u00bbMontserrat|||on|\u00bb button_two_use_icon=\u00bboff\u00bb module_alignment=\u00bbleft\u00bb animation_style=\u00bbfade\u00bb button_one_text_color_hover=\u00bb#6eba01&#8243; button_two_text_color_hover=\u00bb#6eba01&#8243; button_one_border_color_hover=\u00bb#ffffff\u00bb button_two_border_color_hover=\u00bb#ffffff\u00bb button_one_border_radius_hover=\u00bb0&#8243; button_two_border_radius_hover=\u00bb0&#8243; button_one_letter_spacing_hover=\u00bb2&#8243; button_two_letter_spacing_hover=\u00bb2&#8243; button_one_bg_color_hover=\u00bb#ffffff\u00bb button_two_bg_color_hover=\u00bb#ffffff\u00bb global_colors_info=\u00bb{}\u00bb button_one_text_size__hover_enabled=\u00bboff\u00bb button_two_text_size__hover_enabled=\u00bboff\u00bb button_one_text_color__hover_enabled=\u00bbon\u00bb button_one_text_color__hover=\u00bb#6eba01&#8243; button_two_text_color__hover_enabled=\u00bbon\u00bb button_two_text_color__hover=\u00bb#6eba01&#8243; button_one_border_width__hover_enabled=\u00bboff\u00bb button_two_border_width__hover_enabled=\u00bboff\u00bb button_one_border_color__hover_enabled=\u00bbon\u00bb button_one_border_color__hover=\u00bb#ffffff\u00bb button_two_border_color__hover_enabled=\u00bbon\u00bb button_two_border_color__hover=\u00bb#ffffff\u00bb button_one_border_radius__hover_enabled=\u00bbon\u00bb button_one_border_radius__hover=\u00bb0&#8243; button_two_border_radius__hover_enabled=\u00bbon\u00bb button_two_border_radius__hover=\u00bb0&#8243; button_one_letter_spacing__hover_enabled=\u00bbon\u00bb button_one_letter_spacing__hover=\u00bb2&#8243; button_two_letter_spacing__hover_enabled=\u00bbon\u00bb button_two_letter_spacing__hover=\u00bb2&#8243; button_one_bg_color__hover_enabled=\u00bbon\u00bb button_one_bg_color__hover=\u00bb#ffffff\u00bb button_two_bg_color__hover_enabled=\u00bbon\u00bb button_two_bg_color__hover=\u00bb#ffffff\u00bb]<\/p>\n<p style=\"text-align: justify;\">We offer innovative 3D solutions for your business, discover our solutions for real estate, construction, architecture, insurance, museums, virtual planning and much more.<\/p>\n<p>&nbsp;<\/p>\n<p>[\/et_pb_fullwidth_header][\/et_pb_section][et_pb_section fb_built=\u00bb1&#8243; admin_label=\u00bbDct Contact Us V55&#8243; module_id=\u00bbcontact\u00bb _builder_version=\u00bb4.17.6&#8243; background_color=\u00bbrgba(34,53,92,0.8)\u00bb background_image=\u00bbhttps:\/\/www.virtualspacecr.com\/wp-content\/uploads\/2021\/12\/virtual-staging-matterport-drone.jpg\u00bb background_blend=\u00bboverlay\u00bb global_colors_info=\u00bb{}\u00bb][et_pb_row column_structure=\u00bb1_3,1_3,1_3&#8243; _builder_version=\u00bb4.16&#8243; global_colors_info=\u00bb{}\u00bb][et_pb_column type=\u00bb1_3&#8243; _builder_version=\u00bb4.16&#8243; global_colors_info=\u00bb{}\u00bb custom_padding__hover=\u00bb|||\u00bb][et_pb_blurb use_icon=\u00bbon\u00bb font_icon=\u00bb&#xe081;||divi||400&#8243; icon_color=\u00bb#ffaf00&#8243; image_icon_background_color=\u00bb#22355c\u00bb icon_placement=\u00bbleft\u00bb image_icon_width=\u00bb16px\u00bb _builder_version=\u00bb4.16&#8243; body_font=\u00bbRoboto||||||||\u00bb background_color=\u00bb#ffffff\u00bb image_icon_custom_padding=\u00bb8px|8px|8px|8px|false|false\u00bb custom_padding=\u00bb20px|21px|20px|21px|true|true\u00bb custom_css_main_element=\u00bbbox-shadow: 0 2px 57px 0px rgba(210,210,210,.35);\u00bb border_radii=\u00bbon|5px|5px|5px|5px\u00bb border_radii_image=\u00bbon|100%|100%|100%|100%\u00bb border_width_all_image=\u00bb2px\u00bb border_color_all_image=\u00bb#22355c\u00bb use_circle=\u00bbon\u00bb use_circle_border=\u00bbon\u00bb circle_border_color=\u00bb#22355c\u00bb circle_color=\u00bb#22355c\u00bb global_colors_info=\u00bb{}\u00bb image_icon_background_color__sticky_enabled=\u00bb#7EBEC5&#8243; image_icon_background_color__sticky=\u00bb#7EBEC5&#8243;]<\/p>\n<p>San Sebasti\u00e1n, San Jos\u00e9, Costa Rica<\/p>\n<p>[\/et_pb_blurb][\/et_pb_column][et_pb_column type=\u00bb1_3&#8243; _builder_version=\u00bb4.16&#8243; global_colors_info=\u00bb{}\u00bb custom_padding__hover=\u00bb|||\u00bb][et_pb_blurb use_icon=\u00bbon\u00bb font_icon=\u00bb&#xe090;||divi||400&#8243; icon_color=\u00bb#ffaf00&#8243; image_icon_background_color=\u00bb#22355c\u00bb icon_placement=\u00bbleft\u00bb image_icon_width=\u00bb16px\u00bb _builder_version=\u00bb4.16&#8243; body_font=\u00bbRoboto||||||||\u00bb background_color=\u00bb#ffffff\u00bb image_icon_custom_padding=\u00bb8px|8px|8px|8px|false|false\u00bb custom_padding=\u00bb20px|21px|20px|21px|true|true\u00bb custom_css_main_element=\u00bbbox-shadow: 0 2px 57px 0px rgba(210,210,210,.35);\u00bb border_radii=\u00bbon|5px|5px|5px|5px\u00bb border_radii_image=\u00bbon|100%|100%|100%|100%\u00bb border_width_all_image=\u00bb2px\u00bb border_color_all_image=\u00bb#22355c\u00bb use_circle=\u00bbon\u00bb use_circle_border=\u00bbon\u00bb circle_border_color=\u00bb#22355c\u00bb circle_color=\u00bb#22355c\u00bb global_colors_info=\u00bb{}\u00bb image_icon_background_color__sticky_enabled=\u00bb#7EBEC5&#8243; image_icon_background_color__sticky=\u00bb#7EBEC5&#8243;]<\/p>\n<p><strong>Phone<\/strong>: (+506) 8851-5947<br \/><strong>Whatsapp<\/strong>: (+506) 4000-1370<\/p>\n<p>[\/et_pb_blurb][\/et_pb_column][et_pb_column type=\u00bb1_3&#8243; _builder_version=\u00bb4.16&#8243; global_colors_info=\u00bb{}\u00bb custom_padding__hover=\u00bb|||\u00bb][et_pb_blurb use_icon=\u00bbon\u00bb font_icon=\u00bb&#xe076;||divi||400&#8243; icon_color=\u00bb#ffaf00&#8243; image_icon_background_color=\u00bb#22355c\u00bb icon_placement=\u00bbleft\u00bb image_icon_width=\u00bb16px\u00bb _builder_version=\u00bb4.16&#8243; body_font=\u00bbRoboto||||||||\u00bb background_color=\u00bb#ffffff\u00bb image_icon_custom_padding=\u00bb8px|8px|8px|8px|false|false\u00bb custom_padding=\u00bb20px|21px|20px|21px|true|true\u00bb custom_css_main_element=\u00bbbox-shadow: 0 2px 57px 0px rgba(210,210,210,.35);\u00bb border_radii=\u00bbon|5px|5px|5px|5px\u00bb border_radii_image=\u00bbon|100%|100%|100%|100%\u00bb border_width_all_image=\u00bb2px\u00bb border_color_all_image=\u00bb#22355c\u00bb use_circle=\u00bbon\u00bb use_circle_border=\u00bbon\u00bb circle_border_color=\u00bb#22355c\u00bb circle_color=\u00bb#22355c\u00bb global_colors_info=\u00bb{}\u00bb image_icon_background_color__sticky_enabled=\u00bb#7EBEC5&#8243; image_icon_background_color__sticky=\u00bb#7EBEC5&#8243;]<\/p>\n<p><strong>Email : <\/strong>sales@virtualspacecr.com<\/p>\n<p>[\/et_pb_blurb][\/et_pb_column][\/et_pb_row][et_pb_row _builder_version=\u00bb4.16&#8243; background_color=\u00bbrgba(255,255,255,0.83)\u00bb custom_padding=\u00bb0px|30px|0px|30px|true|false\u00bb global_colors_info=\u00bb{}\u00bb][et_pb_column type=\u00bb4_4&#8243; _builder_version=\u00bb4.16&#8243; global_colors_info=\u00bb{}\u00bb custom_padding__hover=\u00bb|||\u00bb][et_pb_text _builder_version=\u00bb4.17.6&#8243; text_font=\u00bbRoboto||||||||\u00bb header_font=\u00bb||||||||\u00bb header_font_size=\u00bb32px\u00bb header_2_font=\u00bb||||||||\u00bb header_3_font=\u00bb|700||on|||||\u00bb header_3_font_size=\u00bb30px\u00bb header_3_letter_spacing=\u00bb1px\u00bb header_3_line_height=\u00bb35px\u00bb text_orientation=\u00bbcenter\u00bb custom_margin=\u00bb50px||||false|false\u00bb header_3_font_size_tablet=\u00bb\u00bb header_3_font_size_phone=\u00bb25px\u00bb header_3_font_size_last_edited=\u00bbon|phone\u00bb global_colors_info=\u00bb{}\u00bb]<\/p>\n<h3>Tell Us about your <span style=\"color: #ffaf00;\">Project<\/span><\/h3>\n<p>[\/et_pb_text][et_pb_contact_form use_spam_service=\u00bbon\u00bb recaptcha_list=\u00bbVS|VS-0&#8243; email=\u00bbventas@virtualspacecr.com\u00bb custom_message=\u00bbSolicitud de cotizaci\u00f3n &#8211; Virtual Space||et_pb_line_break_holder||||et_pb_line_break_holder||Nombre:  %%Name%%||et_pb_line_break_holder||Email:  %%Email%%||et_pb_line_break_holder||Tel\u00e9fono:  %%Phone%%||et_pb_line_break_holder||Ubicaci\u00f3n: %%City%%||et_pb_line_break_holder||Servicio requerido:  %%Servicio_requerido%%||et_pb_line_break_holder||Mensaje:||et_pb_line_break_holder||%%Message%%||et_pb_line_break_holder||||et_pb_line_break_holder||***END***\u00bb submit_button_text=\u00bbEnviar\u00bb _builder_version=\u00bb4.19.2&#8243; form_field_background_color=\u00bb#ffffff\u00bb form_field_text_color=\u00bb#000000&#8243; form_field_custom_margin=\u00bb||10px||false|false\u00bb form_field_custom_padding=\u00bb25px||25px||true|false\u00bb form_field_font=\u00bbRoboto|||on|||||\u00bb form_field_text_align=\u00bbleft\u00bb form_field_font_size=\u00bb16px\u00bb custom_button=\u00bbon\u00bb button_text_size=\u00bb18px\u00bb button_text_color=\u00bb#ffffff\u00bb button_bg_color=\u00bb#22355c\u00bb button_border_color=\u00bb#22355c\u00bb button_font=\u00bbRoboto|600|||||||\u00bb button_use_icon=\u00bboff\u00bb button_custom_margin=\u00bb30px||||false|false\u00bb hover_enabled=\u00bb0&#8243; border_width_bottom=\u00bb1px\u00bb border_color_bottom=\u00bb#22355c\u00bb form_background_color=\u00bb#ffffff\u00bb global_colors_info=\u00bb{}\u00bb sticky_enabled=\u00bb0&#8243;][et_pb_contact_field field_id=\u00bbName\u00bb field_title=\u00bbNombre\u00bb _builder_version=\u00bb4.17.6&#8243; global_colors_info=\u00bb{}\u00bb button_text_size__hover_enabled=\u00bboff\u00bb button_one_text_size__hover_enabled=\u00bboff\u00bb button_two_text_size__hover_enabled=\u00bboff\u00bb button_text_color__hover_enabled=\u00bboff\u00bb button_one_text_color__hover_enabled=\u00bboff\u00bb button_two_text_color__hover_enabled=\u00bboff\u00bb button_border_width__hover_enabled=\u00bboff\u00bb button_one_border_width__hover_enabled=\u00bboff\u00bb button_two_border_width__hover_enabled=\u00bboff\u00bb button_border_color__hover_enabled=\u00bboff\u00bb button_one_border_color__hover_enabled=\u00bboff\u00bb button_two_border_color__hover_enabled=\u00bboff\u00bb button_border_radius__hover_enabled=\u00bboff\u00bb button_one_border_radius__hover_enabled=\u00bboff\u00bb button_two_border_radius__hover_enabled=\u00bboff\u00bb button_letter_spacing__hover_enabled=\u00bboff\u00bb button_one_letter_spacing__hover_enabled=\u00bboff\u00bb button_two_letter_spacing__hover_enabled=\u00bboff\u00bb button_bg_color__hover_enabled=\u00bboff\u00bb button_one_bg_color__hover_enabled=\u00bboff\u00bb button_two_bg_color__hover_enabled=\u00bboff\u00bb][\/et_pb_contact_field][et_pb_contact_field field_id=\u00bbEmail\u00bb field_title=\u00bbCorreo electr\u00f3nico\u00bb field_type=\u00bbemail\u00bb _builder_version=\u00bb4.17.6&#8243; global_colors_info=\u00bb{}\u00bb button_text_size__hover_enabled=\u00bboff\u00bb button_one_text_size__hover_enabled=\u00bboff\u00bb button_two_text_size__hover_enabled=\u00bboff\u00bb button_text_color__hover_enabled=\u00bboff\u00bb button_one_text_color__hover_enabled=\u00bboff\u00bb button_two_text_color__hover_enabled=\u00bboff\u00bb button_border_width__hover_enabled=\u00bboff\u00bb button_one_border_width__hover_enabled=\u00bboff\u00bb button_two_border_width__hover_enabled=\u00bboff\u00bb button_border_color__hover_enabled=\u00bboff\u00bb button_one_border_color__hover_enabled=\u00bboff\u00bb button_two_border_color__hover_enabled=\u00bboff\u00bb button_border_radius__hover_enabled=\u00bboff\u00bb button_one_border_radius__hover_enabled=\u00bboff\u00bb button_two_border_radius__hover_enabled=\u00bboff\u00bb button_letter_spacing__hover_enabled=\u00bboff\u00bb button_one_letter_spacing__hover_enabled=\u00bboff\u00bb button_two_letter_spacing__hover_enabled=\u00bboff\u00bb button_bg_color__hover_enabled=\u00bboff\u00bb button_one_bg_color__hover_enabled=\u00bboff\u00bb button_two_bg_color__hover_enabled=\u00bboff\u00bb][\/et_pb_contact_field][et_pb_contact_field field_id=\u00bbPhone\u00bb field_title=\u00bbTel\u00e9fono\u00bb _builder_version=\u00bb4.17.6&#8243; global_colors_info=\u00bb{}\u00bb][\/et_pb_contact_field][et_pb_contact_field field_id=\u00bbCity\u00bb field_title=\u00bbUbicaci\u00f3n del proyecto\u00bb _builder_version=\u00bb4.17.6&#8243; global_colors_info=\u00bb{}\u00bb][\/et_pb_contact_field][et_pb_contact_field field_id=\u00bbServicio_requerido\u00bb field_title=\u00bbServicio requerido\u00bb field_type=\u00bbcheckbox\u00bb fullwidth_field=\u00bbon\u00bb _builder_version=\u00bb4.19.2&#8243; hover_enabled=\u00bb0&#8243; global_colors_info=\u00bb{}\u00bb checkbox_options=\u00bb%91{%22value%22:%22Modelo digital 3D%22,%22checked%22:0,%22dragID%22:-1},{%22value%22:%22Paseo virtual en video%22,%22checked%22:0,%22dragID%22:0},{%22value%22:%22Fotograf\u00eda o video a\u00e9reo%22,%22checked%22:0,%22dragID%22:1},{%22value%22:%22Otro producto o servicio%22,%22checked%22:0,%22dragID%22:2,%22link_url%22:%22%22,%22link_text%22:%22%22}%93&#8243; sticky_enabled=\u00bb0&#8243;][\/et_pb_contact_field][et_pb_contact_field field_id=\u00bbMessage\u00bb field_title=\u00bbInformaci\u00f3n adicional:\u00bb field_type=\u00bbtext\u00bb fullwidth_field=\u00bbon\u00bb _builder_version=\u00bb4.17.6&#8243; global_colors_info=\u00bb{}\u00bb button_text_size__hover_enabled=\u00bboff\u00bb button_one_text_size__hover_enabled=\u00bboff\u00bb button_two_text_size__hover_enabled=\u00bboff\u00bb button_text_color__hover_enabled=\u00bboff\u00bb button_one_text_color__hover_enabled=\u00bboff\u00bb button_two_text_color__hover_enabled=\u00bboff\u00bb button_border_width__hover_enabled=\u00bboff\u00bb button_one_border_width__hover_enabled=\u00bboff\u00bb button_two_border_width__hover_enabled=\u00bboff\u00bb button_border_color__hover_enabled=\u00bboff\u00bb button_one_border_color__hover_enabled=\u00bboff\u00bb button_two_border_color__hover_enabled=\u00bboff\u00bb button_border_radius__hover_enabled=\u00bboff\u00bb button_one_border_radius__hover_enabled=\u00bboff\u00bb button_two_border_radius__hover_enabled=\u00bboff\u00bb button_letter_spacing__hover_enabled=\u00bboff\u00bb button_one_letter_spacing__hover_enabled=\u00bboff\u00bb button_two_letter_spacing__hover_enabled=\u00bboff\u00bb button_bg_color__hover_enabled=\u00bboff\u00bb button_one_bg_color__hover_enabled=\u00bboff\u00bb button_two_bg_color__hover_enabled=\u00bboff\u00bb][\/et_pb_contact_field][\/et_pb_contact_form][\/et_pb_column][\/et_pb_row][\/et_pb_section]<\/p>","protected":false},"excerpt":{"rendered":"<p>Ofrecemos soluciones innovadoras en 3D para su negocio, descubre nuestras soluciones para inmobiliarias, construcci\u00f3n, arquitectura, seguros, museos, planificaciones virtuales y mucho m\u00e1s. &nbsp;San Sebasti\u00e1n, San Jos\u00e9, Costa RicaPhone: (+506) 8851-5947Whatsapp: (+506) 4000-1370Email : ventas@virtualspacecr.comCu\u00e9ntenos sobre su Proyecto<\/p>","protected":false},"author":1,"featured_media":0,"parent":0,"menu_order":0,"comment_status":"closed","ping_status":"closed","template":"","meta":{"_et_pb_use_builder":"on","_et_pb_old_content":"","_et_gb_content_width":"","footnotes":""},"class_list":["post-135","page","type-page","status-publish","hentry"],"_links":{"self":[{"href":"https:\/\/www.virtualspacecr.com\/en\/wp-json\/wp\/v2\/pages\/135","targetHints":{"allow":["GET"]}}],"collection":[{"href":"https:\/\/www.virtualspacecr.com\/en\/wp-json\/wp\/v2\/pages"}],"about":[{"href":"https:\/\/www.virtualspacecr.com\/en\/wp-json\/wp\/v2\/types\/page"}],"author":[{"embeddable":true,"href":"https:\/\/www.virtualspacecr.com\/en\/wp-json\/wp\/v2\/users\/1"}],"replies":[{"embeddable":true,"href":"https:\/\/www.virtualspacecr.com\/en\/wp-json\/wp\/v2\/comments?post=135"}],"version-history":[{"count":8,"href":"https:\/\/www.virtualspacecr.com\/en\/wp-json\/wp\/v2\/pages\/135\/revisions"}],"predecessor-version":[{"id":987500198,"href":"https:\/\/www.virtualspacecr.com\/en\/wp-json\/wp\/v2\/pages\/135\/revisions\/987500198"}],"wp:attachment":[{"href":"https:\/\/www.virtualspacecr.com\/en\/wp-json\/wp\/v2\/media?parent=135"}],"curies":[{"name":"wp","href":"https:\/\/api.w.org\/{rel}","templated":true}]}}